{"id":1971,"date":"2024-12-29T18:30:11","date_gmt":"2024-12-29T17:30:11","guid":{"rendered":"https:\/\/hygiethik.fr\/?page_id=1971"},"modified":"2024-12-29T23:05:57","modified_gmt":"2024-12-29T22:05:57","slug":"nettoyage-de-facades-et-vitres","status":"publish","type":"page","link":"https:\/\/hygiethik.fr\/index.php\/nettoyage-de-facades-et-vitres\/","title":{"rendered":"Nettoyage De Fa\u00e7ades et Vitres"},"content":{"rendered":"\t\t<div data-elementor-type=\"wp-page\" data-elementor-id=\"1971\" class=\"elementor elementor-1971\">\n\t\t\t\t<div class=\"elementor-element elementor-element-3f26730 e-flex e-con-boxed e-con e-parent\" data-id=\"3f26730\" data-element_type=\"container\">\n\t\t\t\t\t<div class=\"e-con-inner\">\n\t\t\t\t<div class=\"elementor-element elementor-element-f5efdea elementor-widget elementor-widget-text-editor\" data-id=\"f5efdea\" data-element_type=\"widget\" data-widget_type=\"text-editor.default\">\n\t\t\t\t<div class=\"elementor-widget-container\">\n\t\t\t\t\t\t\t\t\t<h1><strong>Nettoyage\u00a0 De Fa\u00e7ades et Vitres \u00e0 Saverne et en Alsace <\/strong><\/h1>\t\t\t\t\t\t\t\t<\/div>\n\t\t\t\t<\/div>\n\t\t\t\t\t<\/div>\n\t\t\t\t<\/div>\n\t\t<div class=\"elementor-element elementor-element-da7c5e0 e-flex e-con-boxed e-con e-parent\" data-id=\"da7c5e0\" data-element_type=\"container\" data-settings=\"{&quot;background_background&quot;:&quot;classic&quot;}\">\n\t\t\t\t\t<div class=\"e-con-inner\">\n\t\t\t\t<div class=\"elementor-element elementor-element-203607f elementor-widget elementor-widget-text-editor\" data-id=\"203607f\" data-element_type=\"widget\" data-widget_type=\"text-editor.default\">\n\t\t\t\t<div class=\"elementor-widget-container\">\n\t\t\t\t\t\t\t\t\t<h2><strong>HYGIETHIK, la solution propret\u00e9 pour vos espaces<\/strong><\/h2><h6>Chez HYGIETHIK, nous comprenons l\u2019importance d\u2019une fa\u00e7ade propre et de vitres impeccables pour l\u2019image de votre entreprise ou de votre b\u00e2timent. <strong>Sp\u00e9cialis\u00e9s dans le nettoyage de fa\u00e7ades et de vitrerie<\/strong> \u00e0 Saverne, nous offrons des services de qualit\u00e9 qui allient expertise, s\u00e9curit\u00e9, et rigueur. Notre \u00e9quipe exp\u00e9riment\u00e9e intervient sur tous types de b\u00e2timents : bureaux, immeubles, cabinets m\u00e9dicaux, locaux tertiaires, et bien plus encore.<\/h6>\t\t\t\t\t\t\t\t<\/div>\n\t\t\t\t<\/div>\n\t\t\t\t\t<\/div>\n\t\t\t\t<\/div>\n\t\t<div class=\"elementor-element elementor-element-5697f0e e-flex e-con-boxed e-con e-parent\" data-id=\"5697f0e\" data-element_type=\"container\">\n\t\t\t\t\t<div class=\"e-con-inner\">\n\t\t\t\t<div class=\"elementor-element elementor-element-01a9acc elementor-widget elementor-widget-spacer\" data-id=\"01a9acc\" data-element_type=\"widget\" data-widget_type=\"spacer.default\">\n\t\t\t\t<div class=\"elementor-widget-container\">\n\t\t\t\t\t\t\t<div class=\"elementor-spacer\">\n\t\t\t<div class=\"elementor-spacer-inner\"><\/div>\n\t\t<\/div>\n\t\t\t\t\t\t<\/div>\n\t\t\t\t<\/div>\n\t\t\t\t\t<\/div>\n\t\t\t\t<\/div>\n\t\t<div class=\"elementor-element elementor-element-bac2cbf e-flex e-con-boxed e-con e-parent\" data-id=\"bac2cbf\" data-element_type=\"container\" data-settings=\"{&quot;background_background&quot;:&quot;classic&quot;}\">\n\t\t\t\t\t<div class=\"e-con-inner\">\n\t\t\t\t<div class=\"elementor-element elementor-element-f42383e elementor-widget elementor-widget-text-editor\" data-id=\"f42383e\" data-element_type=\"widget\" data-widget_type=\"text-editor.default\">\n\t\t\t\t<div class=\"elementor-widget-container\">\n\t\t\t\t\t\t\t\t\t<h2>Nettoyage de Vitrerie Professionnel<\/h2>\t\t\t\t\t\t\t\t<\/div>\n\t\t\t\t<\/div>\n\t\t\t\t\t<\/div>\n\t\t\t\t<\/div>\n\t\t<div class=\"elementor-element elementor-element-4923726 e-grid e-con-boxed e-con e-parent\" data-id=\"4923726\" data-element_type=\"container\">\n\t\t\t\t\t<div class=\"e-con-inner\">\n\t\t\t\t<div class=\"elementor-element elementor-element-90f6245 elementor-widget elementor-widget-text-editor\" data-id=\"90f6245\" data-element_type=\"widget\" data-widget_type=\"text-editor.default\">\n\t\t\t\t<div class=\"elementor-widget-container\">\n\t\t\t\t\t\t\t\t\t<ul><li>Nettoyage de fen\u00eatres ext\u00e9rieures et int\u00e9rieures<p><img fetchpriority=\"high\" decoding=\"async\" class=\"alignnone wp-image-1942 size-medium\" title=\"Nettoyage vitrerie hygiethik\" src=\"https:\/\/hygiethik.fr\/wp-content\/uploads\/2024\/12\/Nettoyage-vitrerie-300x200.jpg\" alt=\"Nettoyage vitrerie hygiethik\" width=\"300\" height=\"200\" srcset=\"https:\/\/hygiethik.fr\/wp-content\/uploads\/2024\/12\/Nettoyage-vitrerie-300x200.jpg 300w, https:\/\/hygiethik.fr\/wp-content\/uploads\/2024\/12\/Nettoyage-vitrerie-1024x683.jpg 1024w, https:\/\/hygiethik.fr\/wp-content\/uploads\/2024\/12\/Nettoyage-vitrerie-768x512.jpg 768w, https:\/\/hygiethik.fr\/wp-content\/uploads\/2024\/12\/Nettoyage-vitrerie-1536x1024.jpg 1536w, https:\/\/hygiethik.fr\/wp-content\/uploads\/2024\/12\/Nettoyage-vitrerie-2048x1365.jpg 2048w, https:\/\/hygiethik.fr\/wp-content\/uploads\/2024\/12\/Nettoyage-vitrerie-725x483.jpg 725w\" sizes=\"(max-width: 300px) 100vw, 300px\" \/><\/p><\/li><\/ul>\t\t\t\t\t\t\t\t<\/div>\n\t\t\t\t<\/div>\n\t\t\t\t<div class=\"elementor-element elementor-element-6b606d6 elementor-widget elementor-widget-text-editor\" data-id=\"6b606d6\" data-element_type=\"widget\" data-widget_type=\"text-editor.default\">\n\t\t\t\t<div class=\"elementor-widget-container\">\n\t\t\t\t\t\t\t\t\t<ul><li style=\"list-style-type: none;\"><ul><li>Vitrines commerciales, bureaux et immeubles r\u00e9sidentiels<p><img decoding=\"async\" class=\"size-full wp-image-1951\" src=\"https:\/\/hygiethik.fr\/wp-content\/uploads\/2024\/12\/Nettoyage-Collectivites.jpg\" alt=\"Nettoyage Collectivit\u00e9s\" width=\"216\" height=\"216\" title=\"\" srcset=\"https:\/\/hygiethik.fr\/wp-content\/uploads\/2024\/12\/Nettoyage-Collectivites.jpg 216w, https:\/\/hygiethik.fr\/wp-content\/uploads\/2024\/12\/Nettoyage-Collectivites-150x150.jpg 150w\" sizes=\"(max-width: 216px) 100vw, 216px\" \/><\/p><\/li><\/ul><\/li><\/ul>\t\t\t\t\t\t\t\t<\/div>\n\t\t\t\t<\/div>\n\t\t\t\t<div class=\"elementor-element elementor-element-a8c443f elementor-widget elementor-widget-text-editor\" data-id=\"a8c443f\" data-element_type=\"widget\" data-widget_type=\"text-editor.default\">\n\t\t\t\t<div class=\"elementor-widget-container\">\n\t\t\t\t\t\t\t\t\t<ul><li>Nettoyage en hauteur avec des m\u00e9thodes s\u00e9curis\u00e9es<p><img decoding=\"async\" class=\"size-full wp-image-2056\" src=\"https:\/\/hygiethik.fr\/wp-content\/uploads\/2024\/12\/La-Vitrerie-en-hauteur.jpg\" alt=\"La Vitrerie en hauteur\" width=\"174\" height=\"216\" title=\"\"><\/p><\/li><\/ul>\t\t\t\t\t\t\t\t<\/div>\n\t\t\t\t<\/div>\n\t\t\t\t\t<\/div>\n\t\t\t\t<\/div>\n\t\t<div class=\"elementor-element elementor-element-4232161 e-flex e-con-boxed e-con e-parent\" data-id=\"4232161\" data-element_type=\"container\">\n\t\t\t\t\t<div class=\"e-con-inner\">\n\t\t\t\t<div class=\"elementor-element elementor-element-305d1f4 elementor-widget elementor-widget-text-editor\" data-id=\"305d1f4\" data-element_type=\"widget\" data-widget_type=\"text-editor.default\">\n\t\t\t\t<div class=\"elementor-widget-container\">\n\t\t\t\t\t\t\t\t\t<h3><strong>Nettoyage de vitrerie : des fen\u00eatres toujours impeccables<\/strong><\/h3><h6>Que ce soit pour des bureaux, des immeubles ou des vitrines commerciales, la propret\u00e9 des vitres est essentielle pour offrir une image soign\u00e9e \u00e0 vos clients et collaborateurs. HYGIETHIK prend en charge le nettoyage de vos vitrages, quelle que soit leur hauteur ou leur acc\u00e8s. Gr\u00e2ce \u00e0 notre expertise et \u00e0 l&#8217;utilisation de produits respectueux de l\u2019environnement, nous garantissons des r\u00e9sultats \u00e9clatants et durables.<\/h6>\t\t\t\t\t\t\t\t<\/div>\n\t\t\t\t<\/div>\n\t\t\t\t\t<\/div>\n\t\t\t\t<\/div>\n\t\t<div class=\"elementor-element elementor-element-9f86c83 e-flex e-con-boxed e-con e-parent\" data-id=\"9f86c83\" data-element_type=\"container\">\n\t\t\t\t\t<div class=\"e-con-inner\">\n\t\t\t\t<div class=\"elementor-element elementor-element-fff2779 elementor-widget elementor-widget-spacer\" data-id=\"fff2779\" data-element_type=\"widget\" data-widget_type=\"spacer.default\">\n\t\t\t\t<div class=\"elementor-widget-container\">\n\t\t\t\t\t\t\t<div class=\"elementor-spacer\">\n\t\t\t<div class=\"elementor-spacer-inner\"><\/div>\n\t\t<\/div>\n\t\t\t\t\t\t<\/div>\n\t\t\t\t<\/div>\n\t\t\t\t\t<\/div>\n\t\t\t\t<\/div>\n\t\t<div class=\"elementor-element elementor-element-bcc74ee e-flex e-con-boxed e-con e-parent\" data-id=\"bcc74ee\" data-element_type=\"container\" data-settings=\"{&quot;background_background&quot;:&quot;classic&quot;}\">\n\t\t\t\t\t<div class=\"e-con-inner\">\n\t\t\t\t<div class=\"elementor-element elementor-element-47cc6fd elementor-widget elementor-widget-text-editor\" data-id=\"47cc6fd\" data-element_type=\"widget\" data-widget_type=\"text-editor.default\">\n\t\t\t\t<div class=\"elementor-widget-container\">\n\t\t\t\t\t\t\t\t\t<h2>Nos Services de Nettoyage de Fa\u00e7ades<\/h2>\t\t\t\t\t\t\t\t<\/div>\n\t\t\t\t<\/div>\n\t\t\t\t\t<\/div>\n\t\t\t\t<\/div>\n\t\t<div class=\"elementor-element elementor-element-023c269 e-flex e-con-boxed e-con e-parent\" data-id=\"023c269\" data-element_type=\"container\">\n\t\t\t\t\t<div class=\"e-con-inner\">\n\t\t<div class=\"elementor-element elementor-element-97903f2 e-grid e-con-full e-con e-child\" data-id=\"97903f2\" data-element_type=\"container\">\n\t\t\t\t<div class=\"elementor-element elementor-element-21cf39b elementor-widget elementor-widget-text-editor\" data-id=\"21cf39b\" data-element_type=\"widget\" data-widget_type=\"text-editor.default\">\n\t\t\t\t<div class=\"elementor-widget-container\">\n\t\t\t\t\t\t\t\t\t<ul><li>Nettoyage haute pression adapt\u00e9 aux surfaces<p><img loading=\"lazy\" decoding=\"async\" class=\"size-full wp-image-2071\" src=\"https:\/\/hygiethik.fr\/wp-content\/uploads\/2024\/12\/Nettoyage-haute-pression-adapte-aux-surfaces.jpg\" alt=\"Nettoyage haute pression adapt\u00e9 aux surfaces\" width=\"240\" height=\"216\" title=\"\"><\/p><\/li><\/ul>\t\t\t\t\t\t\t\t<\/div>\n\t\t\t\t<\/div>\n\t\t\t\t<div class=\"elementor-element elementor-element-4590b92 elementor-widget elementor-widget-text-editor\" data-id=\"4590b92\" data-element_type=\"widget\" data-widget_type=\"text-editor.default\">\n\t\t\t\t<div class=\"elementor-widget-container\">\n\t\t\t\t\t\t\t\t\t<ul><li>Traitements sp\u00e9cifiques pour les mousses et graffitis<p><img loading=\"lazy\" decoding=\"async\" class=\"size-full wp-image-2069\" src=\"https:\/\/hygiethik.fr\/wp-content\/uploads\/2024\/12\/mousses-et-graffitis.jpg\" alt=\"mousses et graffitis\" width=\"144\" height=\"216\" title=\"\"><\/p><\/li><\/ul>\t\t\t\t\t\t\t\t<\/div>\n\t\t\t\t<\/div>\n\t\t\t\t<div class=\"elementor-element elementor-element-fec8b1c elementor-widget elementor-widget-text-editor\" data-id=\"fec8b1c\" data-element_type=\"widget\" data-widget_type=\"text-editor.default\">\n\t\t\t\t<div class=\"elementor-widget-container\">\n\t\t\t\t\t\t\t\t\t<ul><li>Intervention sur immeubles, bureaux, commerces et b\u00e2timents tertiaires<p><img loading=\"lazy\" decoding=\"async\" class=\"size-full wp-image-2075\" src=\"https:\/\/hygiethik.fr\/wp-content\/uploads\/2024\/12\/Intervention-sur-immeubles-bureaux-commerces.jpg\" alt=\"Intervention sur immeubles, bureaux, commerces \" width=\"254\" height=\"216\" title=\"\"><\/p><\/li><\/ul>\t\t\t\t\t\t\t\t<\/div>\n\t\t\t\t<\/div>\n\t\t\t\t<\/div>\n\t\t\t\t\t<\/div>\n\t\t\t\t<\/div>\n\t\t<div class=\"elementor-element elementor-element-654f119 e-flex e-con-boxed e-con e-parent\" data-id=\"654f119\" data-element_type=\"container\">\n\t\t\t\t\t<div class=\"e-con-inner\">\n\t\t\t\t<div class=\"elementor-element elementor-element-16c58a7 elementor-widget elementor-widget-text-editor\" data-id=\"16c58a7\" data-element_type=\"widget\" data-widget_type=\"text-editor.default\">\n\t\t\t\t<div class=\"elementor-widget-container\">\n\t\t\t\t\t\t\t\t\t<h3><strong>Nettoyage de fa\u00e7ades : redonnez de l\u2019\u00e9clat \u00e0 vos b\u00e2timents<\/strong><\/h3><h6>Les fa\u00e7ades de vos b\u00e2timents subissent les intemp\u00e9ries, la pollution et les salissures. HYGIETHIK propose un nettoyage en profondeur des fa\u00e7ades, utilisant des techniques modernes qui pr\u00e9servent les mat\u00e9riaux tout en \u00e9liminant efficacement la salet\u00e9.<\/h6>\t\t\t\t\t\t\t\t<\/div>\n\t\t\t\t<\/div>\n\t\t\t\t\t<\/div>\n\t\t\t\t<\/div>\n\t\t<div class=\"elementor-element elementor-element-73060a5 e-flex e-con-boxed e-con e-parent\" data-id=\"73060a5\" data-element_type=\"container\">\n\t\t\t\t\t<div class=\"e-con-inner\">\n\t\t\t\t<div class=\"elementor-element elementor-element-5e760ba elementor-widget elementor-widget-spacer\" data-id=\"5e760ba\" data-element_type=\"widget\" data-widget_type=\"spacer.default\">\n\t\t\t\t<div class=\"elementor-widget-container\">\n\t\t\t\t\t\t\t<div class=\"elementor-spacer\">\n\t\t\t<div class=\"elementor-spacer-inner\"><\/div>\n\t\t<\/div>\n\t\t\t\t\t\t<\/div>\n\t\t\t\t<\/div>\n\t\t\t\t\t<\/div>\n\t\t\t\t<\/div>\n\t\t\t\t<section class=\"elementor-section elementor-top-section elementor-element elementor-element-63e34b1 elementor-section-full_width elementor-section-height-default elementor-section-height-default\" data-id=\"63e34b1\" data-element_type=\"section\">\n\t\t\t\t\t\t<div class=\"elementor-container elementor-column-gap-no\">\n\t\t\t\t\t<div class=\"elementor-column elementor-col-100 elementor-top-column elementor-element elementor-element-61cbb3b\" data-id=\"61cbb3b\" data-element_type=\"column\">\n\t\t\t<div class=\"elementor-widget-wrap elementor-element-populated\">\n\t\t\t\t\t\t<div class=\"elementor-element elementor-element-8b38711 elementor-widget elementor-widget-cleaning_maker_box\" data-id=\"8b38711\" data-element_type=\"widget\" data-widget_type=\"cleaning_maker_box.default\">\n\t\t\t\t<div class=\"elementor-widget-container\">\n\t\t\t\t\t        <div class=\"block m-bottom-45\">\n            <div class=\"container\">\n                <div class=\"row row-revert-xs\">\n                    <div class=\"col-sm-6\">\n                        <div class=\"img-left-wrap1\">\n                            <img loading=\"lazy\" decoding=\"async\" width=\"2560\" height=\"1707\" src=\"https:\/\/hygiethik.fr\/wp-content\/uploads\/2024\/12\/Equipe-Hygiethik-scaled.jpg\" class=\"attachment-full size-full\" alt=\"Equipe Hygiethik\" srcset=\"https:\/\/hygiethik.fr\/wp-content\/uploads\/2024\/12\/Equipe-Hygiethik-scaled.jpg 2560w, https:\/\/hygiethik.fr\/wp-content\/uploads\/2024\/12\/Equipe-Hygiethik-300x200.jpg 300w, https:\/\/hygiethik.fr\/wp-content\/uploads\/2024\/12\/Equipe-Hygiethik-1024x683.jpg 1024w, https:\/\/hygiethik.fr\/wp-content\/uploads\/2024\/12\/Equipe-Hygiethik-768x512.jpg 768w, https:\/\/hygiethik.fr\/wp-content\/uploads\/2024\/12\/Equipe-Hygiethik-1536x1024.jpg 1536w, https:\/\/hygiethik.fr\/wp-content\/uploads\/2024\/12\/Equipe-Hygiethik-2048x1365.jpg 2048w, https:\/\/hygiethik.fr\/wp-content\/uploads\/2024\/12\/Equipe-Hygiethik-725x483.jpg 725w\" sizes=\"(max-width: 2560px) 100vw, 2560px\" title=\"\">                        <\/div>\n                    <\/div>\n                    <div class=\"col-sm-6\">\n                        <h2>Contactez-nous pour  <span class=\"color\">un devis personnalis\u00e9<\/span><\/h2>\n                        <p class=\"p-lg\"><\/p>\n                         \n                            <div class=\"marker-box\">\n                                <div class=\"marker-box-marker\"><\/div>\n                                <h4 class=\"marker-box-title\"><\/h4>\n                                <p><h4>Vous recherchez une entreprise de nettoyage professionnel \u00e0 Saverne ou en Alsace ? HYGIETHIK vous propose des solutions sur mesure, adapt\u00e9es \u00e0 vos besoins sp\u00e9cifiques. Contactez-nous d\u00e8s aujourd'hui pour obtenir un devis gratuit et d\u00e9couvrez comment HYGIETHIK peut redonner tout leur \u00e9clat \u00e0 vos fa\u00e7ades et vitrages.<\/p>\n                            <\/div> \n                                                <\/div>\n                <\/div>\n            <\/div>\n        <\/div>\n\t\t\t\t<\/div>\n\t\t\t\t<\/div>\n\t\t\t\t\t<\/div>\n\t\t<\/div>\n\t\t\t\t\t<\/div>\n\t\t<\/section>\n\t\t\t\t<\/div>\n\t\t","protected":false},"excerpt":{"rendered":"<p>Nettoyage\u00a0 De Fa\u00e7ades et Vitres \u00e0 Saverne et en Alsace HYGIETHIK, la solution propret\u00e9 pour vos espaces Chez HYGIETHIK, nous comprenons l\u2019importance d\u2019une fa\u00e7ade propre et de vitres impeccables pour l\u2019image de votre entreprise ou de votre b\u00e2timent. Sp\u00e9cialis\u00e9s dans le nettoyage de fa\u00e7ades et de vitrerie \u00e0 Saverne, nous offrons des services de qualit\u00e9 [&hellip;]<\/p>\n","protected":false},"author":1,"featured_media":0,"parent":0,"menu_order":0,"comment_status":"closed","ping_status":"closed","template":"elementor_header_footer","meta":{"footnotes":""},"class_list":["post-1971","page","type-page","status-publish","hentry"],"_links":{"self":[{"href":"https:\/\/hygiethik.fr\/index.php\/wp-json\/wp\/v2\/pages\/1971","targetHints":{"allow":["GET"]}}],"collection":[{"href":"https:\/\/hygiethik.fr\/index.php\/wp-json\/wp\/v2\/pages"}],"about":[{"href":"https:\/\/hygiethik.fr\/index.php\/wp-json\/wp\/v2\/types\/page"}],"author":[{"embeddable":true,"href":"https:\/\/hygiethik.fr\/index.php\/wp-json\/wp\/v2\/users\/1"}],"replies":[{"embeddable":true,"href":"https:\/\/hygiethik.fr\/index.php\/wp-json\/wp\/v2\/comments?post=1971"}],"version-history":[{"count":74,"href":"https:\/\/hygiethik.fr\/index.php\/wp-json\/wp\/v2\/pages\/1971\/revisions"}],"predecessor-version":[{"id":2230,"href":"https:\/\/hygiethik.fr\/index.php\/wp-json\/wp\/v2\/pages\/1971\/revisions\/2230"}],"wp:attachment":[{"href":"https:\/\/hygiethik.fr\/index.php\/wp-json\/wp\/v2\/media?parent=1971"}],"curies":[{"name":"wp","href":"https:\/\/api.w.org\/{rel}","templated":true}]}}