{"id":1877,"date":"2024-12-24T12:55:38","date_gmt":"2024-12-24T11:55:38","guid":{"rendered":"https:\/\/hygiethik.fr\/?page_id=1877"},"modified":"2024-12-30T15:22:03","modified_gmt":"2024-12-30T14:22:03","slug":"mentions-legales-de-hygiethik-fr","status":"publish","type":"page","link":"https:\/\/hygiethik.fr\/index.php\/mentions-legales-de-hygiethik-fr\/","title":{"rendered":"Mentions L\u00e9gales de HYGIETHIK.FR"},"content":{"rendered":"\t\t<div data-elementor-type=\"wp-page\" data-elementor-id=\"1877\" class=\"elementor elementor-1877\">\n\t\t\t\t<div class=\"elementor-element elementor-element-ec1631d e-flex e-con-boxed e-con e-parent\" data-id=\"ec1631d\" data-element_type=\"container\">\n\t\t\t\t\t<div class=\"e-con-inner\">\n\t\t\t\t<div class=\"elementor-element elementor-element-fc50631 elementor-widget elementor-widget-heading\" data-id=\"fc50631\" data-element_type=\"widget\" data-widget_type=\"heading.default\">\n\t\t\t\t<div class=\"elementor-widget-container\">\n\t\t\t\t\t<h1 class=\"elementor-heading-title elementor-size-default\"><h3><strong>Mentions L\u00e9gales de HYGIETHIK.FR<\/strong><span style=\"color: var( --e-global-color-primary );font-family: var( --e-global-typography-primary-font-family ), Sans-serif;font-size: 36px;font-weight: var( --e-global-typography-primary-font-weight );text-align: var(--text-align)\"><\/span><\/h3><\/h1>\t\t\t\t<\/div>\n\t\t\t\t<\/div>\n\t\t\t\t\t<\/div>\n\t\t\t\t<\/div>\n\t\t<div class=\"elementor-element elementor-element-3ce5e28 e-flex e-con-boxed e-con e-parent\" data-id=\"3ce5e28\" data-element_type=\"container\">\n\t\t\t\t\t<div class=\"e-con-inner\">\n\t\t\t\t<div class=\"elementor-element elementor-element-dbaa717 elementor-widget elementor-widget-text-editor\" data-id=\"dbaa717\" data-element_type=\"widget\" data-widget_type=\"text-editor.default\">\n\t\t\t\t<div class=\"elementor-widget-container\">\n\t\t\t\t\t\t\t\t\t<h5><strong>\u00c9diteur du site<\/strong><\/h5><h6>Le site <strong>HYGIETHIK.FR<\/strong> est \u00e9dit\u00e9 par :<br \/><strong>HYGIETHIK<\/strong><br \/>Adresse : 3 RUE DE MOLSHEIM 67700 SAVERNE<br \/>T\u00e9l\u00e9phone : 03 88 01 72 06<br \/>Email : <a href=\"mailto:contact@hygiethik.fr\">contact@hygiethik.fr<\/a><br \/>SIRET : 95382663300018<br \/>Directeur de la publication : Marilyne Frick<\/h6>\t\t\t\t\t\t\t\t<\/div>\n\t\t\t\t<\/div>\n\t\t\t\t\t<\/div>\n\t\t\t\t<\/div>\n\t\t<div class=\"elementor-element elementor-element-b4dc989 e-flex e-con-boxed e-con e-parent\" data-id=\"b4dc989\" data-element_type=\"container\">\n\t\t\t\t\t<div class=\"e-con-inner\">\n\t\t\t\t<div class=\"elementor-element elementor-element-b193cea elementor-widget elementor-widget-text-editor\" data-id=\"b193cea\" data-element_type=\"widget\" data-widget_type=\"text-editor.default\">\n\t\t\t\t<div class=\"elementor-widget-container\">\n\t\t\t\t\t\t\t\t\t<h5><strong>H\u00e9bergeur du site<\/strong><\/h5><h6>Le site est h\u00e9berg\u00e9 par : <strong>OVH Cloud<\/strong><br \/>Adresse : \u00a02 rue Kellermann &#8211; 59100 Roubaix &#8211; France<br \/>T\u00e9l\u00e9phone : +33 9 72 10 10 07<br \/>Site web : <a href=\"https:\/\/www.ovhcloud.com\/fr\/\" rel=\"nofollow noopener\" target=\"_blank\">https:\/\/www.ovhcloud.com\/fr\/<\/a><\/h6>\t\t\t\t\t\t\t\t<\/div>\n\t\t\t\t<\/div>\n\t\t\t\t\t<\/div>\n\t\t\t\t<\/div>\n\t\t<div class=\"elementor-element elementor-element-3e0d8fb e-flex e-con-boxed e-con e-parent\" data-id=\"3e0d8fb\" data-element_type=\"container\">\n\t\t\t\t\t<div class=\"e-con-inner\">\n\t\t\t\t<div class=\"elementor-element elementor-element-258408f elementor-widget elementor-widget-text-editor\" data-id=\"258408f\" data-element_type=\"widget\" data-widget_type=\"text-editor.default\">\n\t\t\t\t<div class=\"elementor-widget-container\">\n\t\t\t\t\t\t\t\t\t<h5><strong>Propri\u00e9t\u00e9 intellectuelle<\/strong><\/h5><h6>L\u2019ensemble des contenus pr\u00e9sents sur le site HYGIETHIK.FR (textes, images, logos, vid\u00e9os, etc.) est prot\u00e9g\u00e9 par le droit d\u2019auteur et les lois sur la propri\u00e9t\u00e9 intellectuelle. Toute reproduction, distribution ou modification, m\u00eame partielle, de ces contenus sans l\u2019autorisation pr\u00e9alable de HYGIETHIK est strictement interdite.<\/h6>\t\t\t\t\t\t\t\t<\/div>\n\t\t\t\t<\/div>\n\t\t\t\t\t<\/div>\n\t\t\t\t<\/div>\n\t\t<div class=\"elementor-element elementor-element-cdbac46 e-flex e-con-boxed e-con e-parent\" data-id=\"cdbac46\" data-element_type=\"container\">\n\t\t\t\t\t<div class=\"e-con-inner\">\n\t\t\t\t<div class=\"elementor-element elementor-element-2395d26 elementor-widget elementor-widget-text-editor\" data-id=\"2395d26\" data-element_type=\"widget\" data-widget_type=\"text-editor.default\">\n\t\t\t\t<div class=\"elementor-widget-container\">\n\t\t\t\t\t\t\t\t\t<h5><strong>Responsabilit\u00e9<\/strong><\/h5><h6>HYGIETHIK met tout en \u0153uvre pour fournir des informations pr\u00e9cises et \u00e0 jour sur le site. Cependant, nous ne pouvons garantir l\u2019exactitude, l\u2019exhaustivit\u00e9 ou l\u2019actualit\u00e9 des informations publi\u00e9es. L\u2019utilisation des informations pr\u00e9sentes sur le site se fait sous la responsabilit\u00e9 exclusive de l\u2019utilisateur.<\/h6><h6>HYGIETHIK ne saurait \u00eatre tenu responsable des dommages directs ou indirects r\u00e9sultant de l\u2019utilisation du site ou de l\u2019impossibilit\u00e9 d\u2019y acc\u00e9der.<\/h6>\t\t\t\t\t\t\t\t<\/div>\n\t\t\t\t<\/div>\n\t\t\t\t\t<\/div>\n\t\t\t\t<\/div>\n\t\t<div class=\"elementor-element elementor-element-ca3a057 e-flex e-con-boxed e-con e-parent\" data-id=\"ca3a057\" data-element_type=\"container\">\n\t\t\t\t\t<div class=\"e-con-inner\">\n\t\t\t\t<div class=\"elementor-element elementor-element-301ca19 elementor-widget elementor-widget-text-editor\" data-id=\"301ca19\" data-element_type=\"widget\" data-widget_type=\"text-editor.default\">\n\t\t\t\t<div class=\"elementor-widget-container\">\n\t\t\t\t\t\t\t\t\t<h5><strong>Liens hypertextes<\/strong><\/h5><h6>Le site HYGIETHIK.FR peut contenir des liens vers des sites tiers. HYGIETHIK n\u2019exerce aucun contr\u00f4le sur ces sites et d\u00e9cline toute responsabilit\u00e9 quant \u00e0 leur contenu ou \u00e0 leur politique de confidentialit\u00e9.<\/h6>\t\t\t\t\t\t\t\t<\/div>\n\t\t\t\t<\/div>\n\t\t\t\t\t<\/div>\n\t\t\t\t<\/div>\n\t\t<div class=\"elementor-element elementor-element-6b3b32d e-flex e-con-boxed e-con e-parent\" data-id=\"6b3b32d\" data-element_type=\"container\">\n\t\t\t\t\t<div class=\"e-con-inner\">\n\t\t\t\t<div class=\"elementor-element elementor-element-5cc3b63 elementor-widget elementor-widget-text-editor\" data-id=\"5cc3b63\" data-element_type=\"widget\" data-widget_type=\"text-editor.default\">\n\t\t\t\t<div class=\"elementor-widget-container\">\n\t\t\t\t\t\t\t\t\t<h5><strong>Politique de confidentialit\u00e9 et de cookies<\/strong><\/h5><h6>Pour en savoir plus sur la mani\u00e8re dont nous collectons, utilisons et prot\u00e9geons vos donn\u00e9es personnelles, consultez notre <span style=\"text-decoration: underline;\"><strong><a href=\"https:\/\/hygiethik.fr\/index.php\/politique-de-confidentialite-de-hygiethik-fr\/\" target=\"_new\" rel=\"noopener\">Politique de Confidentialit\u00e9<\/a><\/strong><\/span>.<\/h6><h6>Pour plus d\u2019informations sur l\u2019utilisation des cookies sur notre site, veuillez consulter notre <strong><a href=\"https:\/\/hygiethik.fr\/index.php\/politique-de-cookies-de-hygiethik-fr\/\" target=\"_new\" rel=\"noopener\"><span style=\"text-decoration: underline;\">Politique de Cookies<\/span><\/a><\/strong>.<\/h6>\t\t\t\t\t\t\t\t<\/div>\n\t\t\t\t<\/div>\n\t\t\t\t\t<\/div>\n\t\t\t\t<\/div>\n\t\t<div class=\"elementor-element elementor-element-fa7bb51 e-flex e-con-boxed e-con e-parent\" data-id=\"fa7bb51\" data-element_type=\"container\">\n\t\t\t\t\t<div class=\"e-con-inner\">\n\t\t\t\t<div class=\"elementor-element elementor-element-bd6d8d0 elementor-widget elementor-widget-text-editor\" data-id=\"bd6d8d0\" data-element_type=\"widget\" data-widget_type=\"text-editor.default\">\n\t\t\t\t<div class=\"elementor-widget-container\">\n\t\t\t\t\t\t\t\t\t<h5><strong>Droit applicable<\/strong><\/h5><h6>Les pr\u00e9sentes mentions l\u00e9gales sont r\u00e9gies par le droit fran\u00e7ais. En cas de litige, et \u00e0 d\u00e9faut de r\u00e9solution amiable, les tribunaux fran\u00e7ais seront seuls comp\u00e9tents.<\/h6>\t\t\t\t\t\t\t\t<\/div>\n\t\t\t\t<\/div>\n\t\t\t\t\t<\/div>\n\t\t\t\t<\/div>\n\t\t<div class=\"elementor-element elementor-element-aa1aeda e-flex e-con-boxed e-con e-parent\" data-id=\"aa1aeda\" data-element_type=\"container\">\n\t\t\t\t\t<div class=\"e-con-inner\">\n\t\t\t\t<div class=\"elementor-element elementor-element-9b56759 elementor-widget elementor-widget-text-editor\" data-id=\"9b56759\" data-element_type=\"widget\" data-widget_type=\"text-editor.default\">\n\t\t\t\t<div class=\"elementor-widget-container\">\n\t\t\t\t\t\t\t\t\t<h5><strong>Contact<\/strong><\/h5><h6>Pour toute question ou demande d\u2019information concernant le site HYGIETHIK.FR, vous pouvez nous contacter \u00e0 l\u2019adresse suivante :<br \/>Email : <a href=\"mailto:contact@hygiethik.fr\">contact@hygiethik.fr<\/a><br \/>T\u00e9l\u00e9phone : 03 88 01 72 06<\/h6>\t\t\t\t\t\t\t\t<\/div>\n\t\t\t\t<\/div>\n\t\t\t\t\t<\/div>\n\t\t\t\t<\/div>\n\t\t<div class=\"elementor-element elementor-element-dada4f7 e-flex e-con-boxed e-con e-parent\" data-id=\"dada4f7\" data-element_type=\"container\">\n\t\t\t\t\t<div class=\"e-con-inner\">\n\t\t\t\t\t<\/div>\n\t\t\t\t<\/div>\n\t\t\t\t<\/div>\n\t\t","protected":false},"excerpt":{"rendered":"<p>Mentions L\u00e9gales de HYGIETHIK.FR \u00c9diteur du site Le site HYGIETHIK.FR est \u00e9dit\u00e9 par :HYGIETHIKAdresse : 3 RUE DE MOLSHEIM 67700 SAVERNET\u00e9l\u00e9phone : 03 88 01 72 06Email : contact@hygiethik.frSIRET : 95382663300018Directeur de la publication : Marilyne Frick H\u00e9bergeur du site Le site est h\u00e9berg\u00e9 par : OVH CloudAdresse : \u00a02 rue Kellermann &#8211; 59100 Roubaix [&hellip;]<\/p>\n","protected":false},"author":1,"featured_media":0,"parent":0,"menu_order":0,"comment_status":"closed","ping_status":"closed","template":"elementor_header_footer","meta":{"footnotes":""},"class_list":["post-1877","page","type-page","status-publish","hentry"],"_links":{"self":[{"href":"https:\/\/hygiethik.fr\/index.php\/wp-json\/wp\/v2\/pages\/1877","targetHints":{"allow":["GET"]}}],"collection":[{"href":"https:\/\/hygiethik.fr\/index.php\/wp-json\/wp\/v2\/pages"}],"about":[{"href":"https:\/\/hygiethik.fr\/index.php\/wp-json\/wp\/v2\/types\/page"}],"author":[{"embeddable":true,"href":"https:\/\/hygiethik.fr\/index.php\/wp-json\/wp\/v2\/users\/1"}],"replies":[{"embeddable":true,"href":"https:\/\/hygiethik.fr\/index.php\/wp-json\/wp\/v2\/comments?post=1877"}],"version-history":[{"count":7,"href":"https:\/\/hygiethik.fr\/index.php\/wp-json\/wp\/v2\/pages\/1877\/revisions"}],"predecessor-version":[{"id":2268,"href":"https:\/\/hygiethik.fr\/index.php\/wp-json\/wp\/v2\/pages\/1877\/revisions\/2268"}],"wp:attachment":[{"href":"https:\/\/hygiethik.fr\/index.php\/wp-json\/wp\/v2\/media?parent=1877"}],"curies":[{"name":"wp","href":"https:\/\/api.w.org\/{rel}","templated":true}]}}