{"id":1852,"date":"2024-12-24T08:04:49","date_gmt":"2024-12-24T07:04:49","guid":{"rendered":"https:\/\/hygiethik.fr\/?page_id=1852"},"modified":"2024-12-24T08:36:17","modified_gmt":"2024-12-24T07:36:17","slug":"politique-de-cookies-de-hygiethik-fr","status":"publish","type":"page","link":"https:\/\/hygiethik.fr\/index.php\/politique-de-cookies-de-hygiethik-fr\/","title":{"rendered":"Politique de Cookies de HYGIETHIK.FR"},"content":{"rendered":"\t\t<div data-elementor-type=\"wp-page\" data-elementor-id=\"1852\" class=\"elementor elementor-1852\">\n\t\t\t\t<div class=\"elementor-element elementor-element-ec1631d e-flex e-con-boxed e-con e-parent\" data-id=\"ec1631d\" data-element_type=\"container\">\n\t\t\t\t\t<div class=\"e-con-inner\">\n\t\t\t\t<div class=\"elementor-element elementor-element-fc50631 elementor-widget elementor-widget-heading\" data-id=\"fc50631\" data-element_type=\"widget\" data-widget_type=\"heading.default\">\n\t\t\t\t<div class=\"elementor-widget-container\">\n\t\t\t\t\t<h2 class=\"elementor-heading-title elementor-size-default\"><h3><strong>Politique de Cookies de HYGIETHIK.FR<\/strong><span style=\"color: var( --e-global-color-primary );font-family: var( --e-global-typography-primary-font-family ), Sans-serif;font-size: 36px;font-weight: var( --e-global-typography-primary-font-weight );text-align: var(--text-align)\"><\/span><\/h3><\/h2>\t\t\t\t<\/div>\n\t\t\t\t<\/div>\n\t\t\t\t\t<\/div>\n\t\t\t\t<\/div>\n\t\t<div class=\"elementor-element elementor-element-3ce5e28 e-flex e-con-boxed e-con e-parent\" data-id=\"3ce5e28\" data-element_type=\"container\">\n\t\t\t\t\t<div class=\"e-con-inner\">\n\t\t\t\t<div class=\"elementor-element elementor-element-dbaa717 elementor-widget elementor-widget-text-editor\" data-id=\"dbaa717\" data-element_type=\"widget\" data-widget_type=\"text-editor.default\">\n\t\t\t\t<div class=\"elementor-widget-container\">\n\t\t\t\t\t\t\t\t\t<h4><strong>Introduction<\/strong><\/h4><h6>Pour offrir une exp\u00e9rience utilisateur optimale sur notre site HYGIETHIK.FR, nous utilisons des cookies. Cette politique de cookies explique ce que sont les cookies, comment nous les utilisons, et les options qui s\u2019offrent \u00e0 vous pour les g\u00e9rer.<\/h6>\t\t\t\t\t\t\t\t<\/div>\n\t\t\t\t<\/div>\n\t\t\t\t\t<\/div>\n\t\t\t\t<\/div>\n\t\t<div class=\"elementor-element elementor-element-b4dc989 e-flex e-con-boxed e-con e-parent\" data-id=\"b4dc989\" data-element_type=\"container\">\n\t\t\t\t\t<div class=\"e-con-inner\">\n\t\t\t\t<div class=\"elementor-element elementor-element-b193cea elementor-widget elementor-widget-text-editor\" data-id=\"b193cea\" data-element_type=\"widget\" data-widget_type=\"text-editor.default\">\n\t\t\t\t<div class=\"elementor-widget-container\">\n\t\t\t\t\t\t\t\t\t<h4><strong>Qu&#8217;est-ce qu&#8217;un cookie ?<\/strong><\/h4><h6>Un cookie est un petit fichier texte stock\u00e9 sur votre appareil (ordinateur, tablette ou smartphone) lorsque vous visitez un site web. Ces fichiers permettent au site de reconna\u00eetre votre appareil et d\u2019am\u00e9liorer votre navigation.<\/h6>\t\t\t\t\t\t\t\t<\/div>\n\t\t\t\t<\/div>\n\t\t\t\t\t<\/div>\n\t\t\t\t<\/div>\n\t\t<div class=\"elementor-element elementor-element-3e0d8fb e-flex e-con-boxed e-con e-parent\" data-id=\"3e0d8fb\" data-element_type=\"container\">\n\t\t\t\t\t<div class=\"e-con-inner\">\n\t\t\t\t<div class=\"elementor-element elementor-element-258408f elementor-widget elementor-widget-text-editor\" data-id=\"258408f\" data-element_type=\"widget\" data-widget_type=\"text-editor.default\">\n\t\t\t\t<div class=\"elementor-widget-container\">\n\t\t\t\t\t\t\t\t\t<h4><strong>Les types de cookies que nous utilisons<\/strong><\/h4><ol><li><h6><strong>Cookies essentiels<\/strong> :<br \/>Ces cookies sont indispensables pour le bon fonctionnement du site. Ils vous permettent d\u2019acc\u00e9der aux fonctionnalit\u00e9s principales, telles que la navigation s\u00e9curis\u00e9e. Sans ces cookies, certaines parties du site ne fonctionneraient pas correctement.<\/h6><\/li><li><h6><strong>Cookies de performance<\/strong> :<br \/>Ces cookies collectent des informations sur la mani\u00e8re dont les visiteurs utilisent le site (pages visit\u00e9es, temps pass\u00e9 sur le site, erreurs rencontr\u00e9es). Ces donn\u00e9es anonymes nous aident \u00e0 am\u00e9liorer l\u2019exp\u00e9rience utilisateur.<\/h6><\/li><li><h6><strong>Cookies fonctionnels<\/strong> :<br \/>Ces cookies permettent de m\u00e9moriser vos pr\u00e9f\u00e9rences (langue, r\u00e9gion, etc.) pour rendre votre visite plus personnalis\u00e9e et agr\u00e9able.<\/h6><\/li><li><h6><strong>Cookies de ciblage ou publicitaires<\/strong> :<br \/>Ces cookies sont utilis\u00e9s pour afficher des publicit\u00e9s adapt\u00e9es \u00e0 vos int\u00e9r\u00eats. Ils peuvent \u00e9galement limiter le nombre de fois qu\u2019une publicit\u00e9 appara\u00eet et mesurer l\u2019efficacit\u00e9 des campagnes publicitaires.<\/h6><\/li><\/ol>\t\t\t\t\t\t\t\t<\/div>\n\t\t\t\t<\/div>\n\t\t\t\t\t<\/div>\n\t\t\t\t<\/div>\n\t\t<div class=\"elementor-element elementor-element-173576a e-flex e-con-boxed e-con e-parent\" data-id=\"173576a\" data-element_type=\"container\">\n\t\t\t\t\t<div class=\"e-con-inner\">\n\t\t\t\t<div class=\"elementor-element elementor-element-cf149fd elementor-widget elementor-widget-text-editor\" data-id=\"cf149fd\" data-element_type=\"widget\" data-widget_type=\"text-editor.default\">\n\t\t\t\t<div class=\"elementor-widget-container\">\n\t\t\t\t\t\t\t\t\t<h4><strong>Comment g\u00e9rer vos pr\u00e9f\u00e9rences de cookies ?<\/strong><\/h4><h6>Lors de votre premi\u00e8re visite sur HYGIETHIK.FR, une banni\u00e8re vous informe de l\u2019utilisation de cookies et vous invite \u00e0 param\u00e9trer vos pr\u00e9f\u00e9rences. Vous pouvez \u00e0 tout moment :<\/h6><ul><li><h6>Modifier vos pr\u00e9f\u00e9rences via l\u2019outil de gestion des cookies disponible sur notre site.<\/h6><\/li><li><h6>D\u00e9sactiver les cookies via les param\u00e8tres de votre navigateur.<\/h6><\/li><\/ul><h6>Veuillez noter que le blocage de certains cookies peut alt\u00e9rer votre exp\u00e9rience sur notre site.<\/h6>\t\t\t\t\t\t\t\t<\/div>\n\t\t\t\t<\/div>\n\t\t\t\t\t<\/div>\n\t\t\t\t<\/div>\n\t\t<div class=\"elementor-element elementor-element-cdbac46 e-flex e-con-boxed e-con e-parent\" data-id=\"cdbac46\" data-element_type=\"container\">\n\t\t\t\t\t<div class=\"e-con-inner\">\n\t\t\t\t<div class=\"elementor-element elementor-element-2395d26 elementor-widget elementor-widget-text-editor\" data-id=\"2395d26\" data-element_type=\"widget\" data-widget_type=\"text-editor.default\">\n\t\t\t\t<div class=\"elementor-widget-container\">\n\t\t\t\t\t\t\t\t\t<h4><strong>Dur\u00e9e de conservation des cookies<\/strong><\/h4><h6>Les cookies que nous utilisons sont conserv\u00e9s pour une dur\u00e9e limit\u00e9e, conform\u00e9ment aux r\u00e9glementations en vigueur. Cette dur\u00e9e varie en fonction du type de cookie utilis\u00e9.<\/h6><h4><strong>Mises \u00e0 jour de la politique de cookies<\/strong><\/h4><h6>Nous pouvons mettre \u00e0 jour cette politique de cookies pour refl\u00e9ter les \u00e9volutions technologiques ou l\u00e9gislatives. Nous vous invitons \u00e0 consulter cette page r\u00e9guli\u00e8rement pour rester inform\u00e9(e).<\/h6><h4><strong>Contactez-nous<\/strong><\/h4><h6>Pour toute question relative \u00e0 notre utilisation des cookies, vous pouvez nous contacter \u00e0 l\u2019adresse suivante :<br \/><strong>HYGIETHIK<\/strong><br \/>Email : contact@hygiethik.fr<\/h6><h6>T\u00e9l\u00e9phone : 03 88 01 72 06<\/h6>\t\t\t\t\t\t\t\t<\/div>\n\t\t\t\t<\/div>\n\t\t\t\t\t<\/div>\n\t\t\t\t<\/div>\n\t\t<div class=\"elementor-element elementor-element-d0323d9 e-flex e-con-boxed e-con e-parent\" data-id=\"d0323d9\" data-element_type=\"container\">\n\t\t\t\t\t<div class=\"e-con-inner\">\n\t\t\t\t<div class=\"elementor-element elementor-element-b9595dc cky-banner-element elementor-widget elementor-widget-button\" data-id=\"b9595dc\" data-element_type=\"widget\" data-widget_type=\"button.default\">\n\t\t\t\t<div class=\"elementor-widget-container\">\n\t\t\t\t\t\t\t\t\t<div class=\"elementor-button-wrapper\">\n\t\t\t\t\t<a class=\"elementor-button elementor-button-link elementor-size-sm\" href=\"#\">\n\t\t\t\t\t\t<span class=\"elementor-button-content-wrapper\">\n\t\t\t\t\t\t\t\t\t<span class=\"elementor-button-text\">Personnaliser mes pr\u00e9f\u00e9rences<\/span>\n\t\t\t\t\t<\/span>\n\t\t\t\t\t<\/a>\n\t\t\t\t<\/div>\n\t\t\t\t\t\t\t\t<\/div>\n\t\t\t\t<\/div>\n\t\t\t\t\t<\/div>\n\t\t\t\t<\/div>\n\t\t<div class=\"elementor-element elementor-element-fc4d913 e-flex e-con-boxed e-con e-parent\" data-id=\"fc4d913\" data-element_type=\"container\">\n\t\t\t\t\t<div class=\"e-con-inner\">\n\t\t\t\t\t<\/div>\n\t\t\t\t<\/div>\n\t\t\t\t<\/div>\n\t\t","protected":false},"excerpt":{"rendered":"<p>Politique de Cookies de HYGIETHIK.FR Introduction Pour offrir une exp\u00e9rience utilisateur optimale sur notre site HYGIETHIK.FR, nous utilisons des cookies. Cette politique de cookies explique ce que sont les cookies, comment nous les utilisons, et les options qui s\u2019offrent \u00e0 vous pour les g\u00e9rer. Qu&#8217;est-ce qu&#8217;un cookie ? Un cookie est un petit fichier texte [&hellip;]<\/p>\n","protected":false},"author":1,"featured_media":0,"parent":0,"menu_order":0,"comment_status":"closed","ping_status":"closed","template":"elementor_header_footer","meta":{"footnotes":""},"class_list":["post-1852","page","type-page","status-publish","hentry"],"_links":{"self":[{"href":"https:\/\/hygiethik.fr\/index.php\/wp-json\/wp\/v2\/pages\/1852","targetHints":{"allow":["GET"]}}],"collection":[{"href":"https:\/\/hygiethik.fr\/index.php\/wp-json\/wp\/v2\/pages"}],"about":[{"href":"https:\/\/hygiethik.fr\/index.php\/wp-json\/wp\/v2\/types\/page"}],"author":[{"embeddable":true,"href":"https:\/\/hygiethik.fr\/index.php\/wp-json\/wp\/v2\/users\/1"}],"replies":[{"embeddable":true,"href":"https:\/\/hygiethik.fr\/index.php\/wp-json\/wp\/v2\/comments?post=1852"}],"version-history":[{"count":13,"href":"https:\/\/hygiethik.fr\/index.php\/wp-json\/wp\/v2\/pages\/1852\/revisions"}],"predecessor-version":[{"id":1866,"href":"https:\/\/hygiethik.fr\/index.php\/wp-json\/wp\/v2\/pages\/1852\/revisions\/1866"}],"wp:attachment":[{"href":"https:\/\/hygiethik.fr\/index.php\/wp-json\/wp\/v2\/media?parent=1852"}],"curies":[{"name":"wp","href":"https:\/\/api.w.org\/{rel}","templated":true}]}}