{"id":1450,"date":"2024-12-30T03:36:48","date_gmt":"2024-12-30T02:36:48","guid":{"rendered":"https:\/\/smartdata.tonytemplates.com\/cleaning-service-v3\/?page_id=30"},"modified":"2024-12-30T16:44:27","modified_gmt":"2024-12-30T15:44:27","slug":"qui-somes-nous","status":"publish","type":"page","link":"https:\/\/hygiethik.fr\/index.php\/qui-somes-nous\/","title":{"rendered":"Qui somes nous"},"content":{"rendered":"\t\t<div data-elementor-type=\"wp-page\" data-elementor-id=\"1450\" class=\"elementor elementor-1450\">\n\t\t\t\t\t\t<section class=\"elementor-section elementor-top-section elementor-element elementor-element-dd8232f elementor-section-full_width elementor-section-height-default elementor-section-height-default\" data-id=\"dd8232f\" data-element_type=\"section\">\n\t\t\t\t\t\t<div class=\"elementor-container elementor-column-gap-no\">\n\t\t\t\t\t<div class=\"elementor-column elementor-col-100 elementor-top-column elementor-element elementor-element-2ca0c65\" data-id=\"2ca0c65\" data-element_type=\"column\">\n\t\t\t<div class=\"elementor-widget-wrap elementor-element-populated\">\n\t\t\t\t\t\t<div class=\"elementor-element elementor-element-635e692 elementor-widget elementor-widget-cleaning_about_company\" data-id=\"635e692\" data-element_type=\"widget\" data-widget_type=\"cleaning_about_company.default\">\n\t\t\t\t<div class=\"elementor-widget-container\">\n\t\t\t\t\t        <div class=\"block fullwidth no-pad cleaning-about-company\">\n            <div class=\"container\">\n                \t\t\t\t<h1 class=\"text-center h-decor\">\n\t\t\t\t\t\u00c0 propos de HYGIETHIK\t\t\t\t<\/h1>\n\t\t\t                                 <div class=\"text-center max-700\">\n                    <p class=\"p-lg\"><h3>HYGIETHIK est une soci\u00e9t\u00e9 de nettoyage savernoise qui propose des services de nettoyage complets, de haute qualit\u00e9 et fiables, destin\u00e9s aux clients commerciaux, tertiaires, industriels et r\u00e9sidentiels.<\/h3> <\/p>\n                <\/div>\n                                <div class=\"divider\"><\/div>\n                <div class=\"row-flex-text\">\n                    <div class=\"col-50 bg-cover hide-bg-sm\" data-bg=\"https:\/\/hygiethik.fr\/wp-content\/uploads\/2024\/12\/hygiethik-bureaux-44.png\" style=\"background-image: url(https:\/\/hygiethik.fr\/wp-content\/uploads\/2024\/12\/hygiethik-bureaux-44.png);\">\n                        <div class=\"visible-sm visible-xs\"><img decoding=\"async\" src=\"https:\/\/hygiethik.fr\/wp-content\/uploads\/2024\/12\/hygiethik-bureaux-44.png\" class=\"img-fullwidth\" loading=\"lazy\" alt=\"About Us\" title=\"\"><\/div>\n                    <\/div>\n                    <div class=\"col-50 bg-text\">\n                        <div class=\"bg-text-inside\">\n                            <h4>HYGIETHIK : Plus de 10 ans d\u2019expertise dans le nettoyage professionnel<\/h4>\n                            <h5>Chez HYGIETHIK, nous sommes passionn\u00e9s par la propret\u00e9 et le bien-\u00eatre de nos clients. Bas\u00e9s \u00e0 Saverne, nous sommes sp\u00e9cialis\u00e9s dans un large \u00e9ventail de services de nettoyage, allant du nettoyage tertiaire aux solutions sur mesure pour les entreprises, cabinets m\u00e9dicaux, immeubles, et particuliers. Avec une \u00e9quipe qualifi\u00e9e et d\u00e9di\u00e9e, nous faisons de votre satisfaction notre priorit\u00e9.<\/p>\nAvec plus d\u2019une d\u00e9cennie d\u2019exp\u00e9rience dans le domaine, nous avons d\u00e9velopp\u00e9 une expertise reconnue et un savoir-faire unique, qui nous permettent de r\u00e9pondre aux besoins vari\u00e9s de nos clients. Nous intervenons avec efficacit\u00e9 et professionnalisme, qu\u2019il s\u2019agisse du nettoyage de bureaux, d\u2019immeubles, de cabinets m\u00e9dicaux, ou encore de services sp\u00e9cialis\u00e9s tels que le nettoyage de vitrerie, la remise en \u00e9tat apr\u00e8s travaux ou le traitement de sols.<\/h5>                        <\/div>\n                    <\/div>\n                <\/div>\n            <\/div>\n        <\/div>\n\t\t\t\t<\/div>\n\t\t\t\t<\/div>\n\t\t\t\t\t<\/div>\n\t\t<\/div>\n\t\t\t\t\t<\/div>\n\t\t<\/section>\n\t\t\t\t<section class=\"elementor-section elementor-top-section elementor-element elementor-element-401a522 elementor-section-full_width elementor-section-height-default elementor-section-height-default\" data-id=\"401a522\" data-element_type=\"section\">\n\t\t\t\t\t\t<div class=\"elementor-container elementor-column-gap-no\">\n\t\t\t\t\t<div class=\"elementor-column elementor-col-100 elementor-top-column elementor-element elementor-element-d141854\" data-id=\"d141854\" data-element_type=\"column\">\n\t\t\t<div class=\"elementor-widget-wrap elementor-element-populated\">\n\t\t\t\t\t\t<div class=\"elementor-element elementor-element-a02c8a6 elementor-widget elementor-widget-cleaning_icon_hor\" data-id=\"a02c8a6\" data-element_type=\"widget\" data-widget_type=\"cleaning_icon_hor.default\">\n\t\t\t\t<div class=\"elementor-widget-container\">\n\t\t\t\t\t \n        <div class=\"block\">\n            <div class=\"container\">\n                <div class=\"row \">\n                     \n                        <div class=\"col-sm-6 col-xs-12\">\n                                                            <div class=\"text-icon-hor\">\n                                    <div class=\"text-icon-hor-icon\">\n                                        <i aria-hidden=\"true\" class=\"icon  icon-brush-lined\"><\/i>                                    <\/div>\n                                    <div class=\"text-icon-hor-text\">\n                                        <h3>Notre mission<\/h3>\n                                        Chez HYGIETHIK, notre mission d\u00e9passe la simple prestation de nettoyage. Nous avons \u00e0 c\u0153ur de vous accompagner pour cr\u00e9er et maintenir des espaces o\u00f9 il fait bon travailler, vivre et recevoir. Notre r\u00f4le est de simplifier votre quotidien en prenant en charge toutes vos pr\u00e9occupations li\u00e9es \u00e0 la propret\u00e9, tout en vous garantissant un environnement sain, agr\u00e9able et s\u00e9curis\u00e9.                                            <a href=\"https:\/\/hygiethik.fr\/index.php\/contact-hygiethik\/\"    class=\"service-box-link\">nous contacter<\/a>\n                                                                            <\/div>\n                                <\/div>\n                                                    <\/div>  \n                        <div class=\"col-sm-6 col-xs-12\">\n                                                            <div class=\"text-icon-hor\">\n                                    <div class=\"text-icon-hor-icon\">\n                                        <i aria-hidden=\"true\" class=\"icon  icon-target-lined\"><\/i>                                    <\/div>\n                                    <div class=\"text-icon-hor-text\">\n                                        <h3>Notre vision<\/h3>\n                                        Nous croyons que la propret\u00e9 est bien plus qu\u2019un simple service : c\u2019est une mani\u00e8re de cr\u00e9er des environnements sains, productifs et agr\u00e9ables \u00e0 vivre. Notre objectif est d\u2019\u00eatre le partenaire de confiance des entreprises et des particuliers, en proposant des prestations de nettoyage de haute qualit\u00e9 adapt\u00e9es aux besoins de chacun.                                                                       <a href=\"https:\/\/hygiethik.fr\/index.php\/contact-hygiethik\/\"    class=\"service-box-link\">Nous contacter<\/a>\n                                                                            <\/div>\n                                <\/div>\n                                                    <\/div>                 <\/div>\n            <\/div>\n        <\/div>\n\t\t\t\t<\/div>\n\t\t\t\t<\/div>\n\t\t\t\t\t<\/div>\n\t\t<\/div>\n\t\t\t\t\t<\/div>\n\t\t<\/section>\n\t\t\t\t<section class=\"elementor-section elementor-top-section elementor-element elementor-element-a82bae2 elementor-section-full_width elementor-section-height-default elementor-section-height-default\" data-id=\"a82bae2\" data-element_type=\"section\">\n\t\t\t\t\t\t<div class=\"elementor-container elementor-column-gap-no\">\n\t\t\t\t\t<div class=\"elementor-column elementor-col-100 elementor-top-column elementor-element elementor-element-c0a0b5c\" data-id=\"c0a0b5c\" data-element_type=\"column\">\n\t\t\t<div class=\"elementor-widget-wrap elementor-element-populated\">\n\t\t\t\t\t\t<div class=\"elementor-element elementor-element-153330f elementor-widget elementor-widget-cleaning_our_values\" data-id=\"153330f\" data-element_type=\"widget\" data-widget_type=\"cleaning_our_values.default\">\n\t\t\t\t<div class=\"elementor-widget-container\">\n\t\t\t\t\t \n            <div class=\"block\">\n            <div class=\"container\">\n                \t\t\t\t<h1 class=\"text-center h-decor\">\n\t\t\t\t\tNos valeurs\t\t\t\t<\/h1>\n\t\t\t                <div class=\"text-center max-700\">\n                    <p class=\"p-lg\">Nous utilisons des techniques et \u00e9quipements modernes pour des performances optimales et respectueuses de l\u2019environnement.<\/p>\n                <\/div>\n                                <div class=\"divider\"><\/div>\n                <div class=\"row\">\n                    <div class=\"col-md-6\">\n                        <div class=\"text-center\">\n                            <img fetchpriority=\"high\" decoding=\"async\" width=\"567\" height=\"388\" src=\"https:\/\/hygiethik.fr\/wp-content\/uploads\/2024\/12\/hygiethik-nettoyage.png\" class=\"attachment-full size-full\" alt=\"hygiethik nettoyage\" srcset=\"https:\/\/hygiethik.fr\/wp-content\/uploads\/2024\/12\/hygiethik-nettoyage.png 567w, https:\/\/hygiethik.fr\/wp-content\/uploads\/2024\/12\/hygiethik-nettoyage-300x205.png 300w\" sizes=\"(max-width: 567px) 100vw, 567px\" title=\"\">                        <\/div>\n                    <\/div>\n                    <div class=\"divider-lg visible-sm visible-xs\"><\/div>\n                    <div class=\"col-md-6\">\n                         \n                            <div class=\"marker-box\">\n                                <div class=\"marker-box-marker\"><\/div>\n                                <h4 class=\"marker-box-title\">Professionnalisme<\/h4>\n                                <p><h6>Chaque intervention est r\u00e9alis\u00e9e avec rigueur et souci du d\u00e9tail, pour garantir des r\u00e9sultats irr\u00e9prochables.<\/p>\n                            <\/div> \n                             \n                            <div class=\"marker-box\">\n                                <div class=\"marker-box-marker\"><\/div>\n                                <h4 class=\"marker-box-title\">\u00c9coute et r\u00e9activit\u00e9<\/h4>\n                                <p><h6>Nous mettons un point d\u2019honneur \u00e0 comprendre vos besoins et \u00e0 y r\u00e9pondre rapidement.<\/p>\n                            <\/div> \n                             \n                            <div class=\"marker-box\">\n                                <div class=\"marker-box-marker\"><\/div>\n                                <h4 class=\"marker-box-title\">Engagement durable<\/h4>\n                                <p><h6>En tant qu\u2019acteurs responsables, nous privil\u00e9gions des produits et m\u00e9thodes respectueux de la plan\u00e8te.<\/p>\n                            <\/div> \n                                                <\/div>\n                <\/div>\n            <\/div>\n        <\/div>\n        \t\t\t\t<\/div>\n\t\t\t\t<\/div>\n\t\t\t\t\t<\/div>\n\t\t<\/div>\n\t\t\t\t\t<\/div>\n\t\t<\/section>\n\t\t\t\t<section class=\"elementor-section elementor-top-section elementor-element elementor-element-359bffc elementor-section-full_width elementor-section-height-default elementor-section-height-default\" data-id=\"359bffc\" data-element_type=\"section\">\n\t\t\t\t\t\t<div class=\"elementor-container elementor-column-gap-no\">\n\t\t\t\t\t<div class=\"elementor-column elementor-col-100 elementor-top-column elementor-element elementor-element-7f9f3a9\" data-id=\"7f9f3a9\" data-element_type=\"column\">\n\t\t\t<div class=\"elementor-widget-wrap elementor-element-populated\">\n\t\t\t\t\t\t<div class=\"elementor-element elementor-element-c4dc3f1 elementor-widget elementor-widget-company_history\" data-id=\"c4dc3f1\" data-element_type=\"widget\" data-widget_type=\"company_history.default\">\n\t\t\t\t<div class=\"elementor-widget-container\">\n\t\t\t\t\t \n\t\t\t\t<div class=\"block\">\n\t\t\t<div class=\"container\">\n\t\t\t\t\t\t\t\t<h1 class=\"h-decor text-center\">\n\t\t\t\t\tHYGIETHIK\t\t\t\t<\/h1>\n\t\t\t\t\t\t\t\t<h3 class=\"text-center\">Plus de 10 ans d'expertise dans le nettoyage de bureaux, d'immeubles et de r\u00e9sidences<\/h3>\n\t\t\t\t<p class=\"text-center\">Notre engagement envers la qualit\u00e9 et la satisfaction client est la cl\u00e9 de notre d\u00e9veloppement et de l\u2019adoption de m\u00e9thodes modernes et durables. Avec HYGIETHIK, vous b\u00e9n\u00e9ficiez de services fiables, professionnels et adapt\u00e9s \u00e0 vos besoins.<\/p>\n\t\t\t\t<p class=\"info\">HYGIETHIK: votre partenaire de confiance qui simplifie votre quotidien tout en cr\u00e9ant des espaces sains, agr\u00e9ables et accueillants.<\/p>\n\t\t\t\t<div class=\"row\">\n\t\t\t\t\t\t\t\t\t \n\t\t\t\t\t<div class=\"col-sm-4\">\n\t\t\t\t\tDepuis plus de 10 ans, HYGIETHIK s'impose comme un acteur de r\u00e9f\u00e9rence dans le domaine du nettoyage professionnel \u00e0 Saverne et ses environs. Nous offrons une large gamme de services, allant du nettoyage tertiaire \u00e0 l\u2019entretien sp\u00e9cialis\u00e9 des immeubles, bureaux, cabinets m\u00e9dicaux et espaces r\u00e9sidentiels. Notre expertise et notre savoir-faire nous permettent de r\u00e9pondre efficacement aux besoins vari\u00e9s de nos clients.\t\t\t\t\t<\/div>\n\t\t\t\t\t\t\t\t\t\t \n\t\t\t\t\t<div class=\"col-sm-4\">\n\t\t\t\t\tNous sommes fiers de proposer des solutions modernes et durables, en utilisant des produits et des m\u00e9thodes respectueux de l\u2019environnement. HYGIETHIK s\u2019engage \u00e0 rester \u00e0 la pointe de l\u2019innovation dans le domaine de la propret\u00e9, pour offrir des r\u00e9sultats impeccables tout en pr\u00e9servant la plan\u00e8te.\t\t\t\t\t<\/div>\n\t\t\t\t\t\t\t\t\t\t \n\t\t\t\t\t<div class=\"col-sm-4\">\n\t\t\t\t\tChez HYGIETHIK, notre philosophie repose sur une gestion rigoureuse et une \u00e9thique de travail exemplaire. Ces principes sont au c\u0153ur de notre approche et garantissent des prestations constantes et irr\u00e9prochables. Nous nous engageons \u00e0 maintenir un haut niveau de satisfaction gr\u00e2ce \u00e0 une communication directe et transparente avec nos clients, assur\u00e9e par un acc\u00e8s facilit\u00e9 \u00e0 la direction.\t\t\t\t\t<\/div>\n\t\t\t\t\t\t\t\t\t<\/div>\n\t\t\t<\/div>\n\t\t<\/div>\n\t\t\t\t\t\t\t<\/div>\n\t\t\t\t<\/div>\n\t\t\t\t\t<\/div>\n\t\t<\/div>\n\t\t\t\t\t<\/div>\n\t\t<\/section>\n\t\t\t\t<section class=\"elementor-section elementor-top-section elementor-element elementor-element-f10e5c6 elementor-section-full_width elementor-section-height-default elementor-section-height-default\" data-id=\"f10e5c6\" data-element_type=\"section\">\n\t\t\t\t\t\t<div class=\"elementor-container elementor-column-gap-no\">\n\t\t\t\t\t<div class=\"elementor-column elementor-col-100 elementor-top-column elementor-element elementor-element-3a49e7a\" data-id=\"3a49e7a\" data-element_type=\"column\">\n\t\t\t<div class=\"elementor-widget-wrap elementor-element-populated\">\n\t\t\t\t\t\t<div class=\"elementor-element elementor-element-8d09908 elementor-widget elementor-widget-icon_carousel_box\" data-id=\"8d09908\" data-element_type=\"widget\" data-widget_type=\"icon_carousel_box.default\">\n\t\t\t\t<div class=\"elementor-widget-container\">\n\t\t\t\t\t        <div class=\"block\">\n            <div class=\"container\">\n                \t\t\t\t<h1 class=\"text-center h-lg h-decor\">\n\t\t\t\t\tPourquoi choisir HYGIETHIK ?\t\t\t\t<\/h1>\n\t\t\t                                <div class=\"text-center max-800\">\n                    <p class=\"p-lg\">Avec HYGIETHIK, vous choisissez bien plus qu\u2019un service de nettoyage : vous optez pour un partenaire de confiance, engag\u00e9 \u00e0 maintenir des espaces sains et agr\u00e9ables pour tous.<\/p>\n                <\/div>\n                                <div class=\"row text-icon-row style-2 \">\n                      \n                        <div class=\"col-md-4 col-sm-6 col-xs-12 text-icon\">\n                            <div class=\"text-icon-icon\">\n                                <i aria-hidden=\"true\" class=\"icon  icon-like-lined\"><\/i>                            <\/div>\n                            <h4 class=\"text-icon-title\">Une expertise polyvalente<\/h4><div class=\"text-icon-text\">des solutions adapt\u00e9es aux besoins des secteurs commerciaux, industriels et r\u00e9sidentiels.<\/div>\n                        <\/div> \n                          \n                        <div class=\"col-md-4 col-sm-6 col-xs-12 text-icon\">\n                            <div class=\"text-icon-icon\">\n                                <i aria-hidden=\"true\" class=\"icon  icon-user-lined\"><\/i>                            <\/div>\n                            <h4 class=\"text-icon-title\">Une proximit\u00e9 client<\/h4><div class=\"text-icon-text\">une relation personnalis\u00e9e et un suivi constant pour assurer votre enti\u00e8re satisfaction.\n<\/div>\n                        <\/div> \n                          \n                        <div class=\"col-md-4 col-sm-6 col-xs-12 text-icon\">\n                            <div class=\"text-icon-icon\">\n                                <i aria-hidden=\"true\" class=\"icon  icon-reward-lined\"><\/i>                            <\/div>\n                            <h4 class=\"text-icon-title\">Un engagement qualit\u00e9 <\/h4><div class=\"text-icon-text\">Des services r\u00e9alis\u00e9s avec rigueur et dans le respect des normes les plus exigeantes.<\/div>\n                        <\/div> \n                                        <\/div>\n            <\/div>\n        <\/div>\n\t\t\t\t<\/div>\n\t\t\t\t<\/div>\n\t\t\t\t\t<\/div>\n\t\t<\/div>\n\t\t\t\t\t<\/div>\n\t\t<\/section>\n\t\t\t\t<\/div>\n\t\t","protected":false},"excerpt":{"rendered":"<p>\u00c0 propos de HYGIETHIK HYGIETHIK est une soci\u00e9t\u00e9 de nettoyage savernoise qui propose des services de nettoyage complets, de haute qualit\u00e9 et fiables, destin\u00e9s aux clients commerciaux, tertiaires, industriels et r\u00e9sidentiels. HYGIETHIK : Plus de 10 ans d\u2019expertise dans le nettoyage professionnel Chez HYGIETHIK, nous sommes passionn\u00e9s par la propret\u00e9 et le bien-\u00eatre de nos [&hellip;]<\/p>\n","protected":false},"author":1,"featured_media":0,"parent":0,"menu_order":0,"comment_status":"closed","ping_status":"closed","template":"elementor_header_footer","meta":{"footnotes":""},"class_list":["post-1450","page","type-page","status-publish","hentry"],"_links":{"self":[{"href":"https:\/\/hygiethik.fr\/index.php\/wp-json\/wp\/v2\/pages\/1450","targetHints":{"allow":["GET"]}}],"collection":[{"href":"https:\/\/hygiethik.fr\/index.php\/wp-json\/wp\/v2\/pages"}],"about":[{"href":"https:\/\/hygiethik.fr\/index.php\/wp-json\/wp\/v2\/types\/page"}],"author":[{"embeddable":true,"href":"https:\/\/hygiethik.fr\/index.php\/wp-json\/wp\/v2\/users\/1"}],"replies":[{"embeddable":true,"href":"https:\/\/hygiethik.fr\/index.php\/wp-json\/wp\/v2\/comments?post=1450"}],"version-history":[{"count":58,"href":"https:\/\/hygiethik.fr\/index.php\/wp-json\/wp\/v2\/pages\/1450\/revisions"}],"predecessor-version":[{"id":2189,"href":"https:\/\/hygiethik.fr\/index.php\/wp-json\/wp\/v2\/pages\/1450\/revisions\/2189"}],"wp:attachment":[{"href":"https:\/\/hygiethik.fr\/index.php\/wp-json\/wp\/v2\/media?parent=1450"}],"curies":[{"name":"wp","href":"https:\/\/api.w.org\/{rel}","templated":true}]}}